{"id":1734,"date":"2023-02-14T07:11:12","date_gmt":"2023-02-14T07:11:12","guid":{"rendered":"https:\/\/demos.codezeel.com\/wordpress\/WP01\/WP014\/default\/?page_id=2"},"modified":"2025-07-30T06:06:46","modified_gmt":"2025-07-30T06:06:46","slug":"inicio","status":"publish","type":"page","link":"https:\/\/sevegra.com\/en\/","title":{"rendered":"Inicio"},"content":{"rendered":"\t\t<div data-elementor-type=\"wp-page\" data-elementor-id=\"1734\" class=\"elementor elementor-1734\">\n\t\t\t\t\t\t<section class=\"elementor-section elementor-top-section elementor-element elementor-element-6e3d528 elementor-section-full_width elementor-section-stretched full_width_section elementor-reverse-mobile elementor-section-height-default elementor-section-height-default wpr-particle-no wpr-jarallax-no wpr-parallax-no wpr-sticky-section-no\" data-id=\"6e3d528\" data-element_type=\"section\" data-e-type=\"section\" data-settings=\"{&quot;stretch_section&quot;:&quot;section-stretched&quot;,&quot;background_background&quot;:&quot;classic&quot;}\">\n\t\t\t\t\t\t<div class=\"elementor-container elementor-column-gap-no\">\n\t\t\t\t\t<div class=\"elementor-column elementor-col-100 elementor-top-column elementor-element elementor-element-b30b10d\" data-id=\"b30b10d\" data-element_type=\"column\" data-e-type=\"column\">\n\t\t\t<div class=\"elementor-widget-wrap elementor-element-populated\">\n\t\t\t\t\t\t<div class=\"elementor-element elementor-element-59ffcc6 elementor-widget elementor-widget-slider_revolution\" data-id=\"59ffcc6\" data-element_type=\"widget\" data-e-type=\"widget\" data-widget_type=\"slider_revolution.default\">\n\t\t\t\t<div class=\"elementor-widget-container\">\n\t\t\t\t\t\n\t\t<div class=\"wp-block-themepunch-revslider\">\n\t\t\t\t<p class=\"rs-p-wp-fix\"><\/p>\n\t\t\t\t<sr7-module data-alias=\"slider\" data-id=\"1\" id=\"SR7_1_1\" class=\"rs-ov-hidden\" data-version=\"6.7.34\">\n\t\t\t\t\t<sr7-adjuster><\/sr7-adjuster>\n\t\t\t\t\t<sr7-content>\n\t\t\t\t\t\t<sr7-slide id=\"SR7_1_1-1\" data-key=\"1\">\n\t\t\t\t\t\t\t<sr7-bg id=\"SR7_1_1-1-3\" class=\"sr7-layer\"><noscript><img decoding=\"async\" src=\"https:\/\/sevegra.com\/wp-content\/uploads\/2025\/07\/4db7c2fe-5bb3-4433-8f36-e4a0886ab1da.jpg\" alt=\"\" title=\"4db7c2fe-5bb3-4433-8f36-e4a0886ab1da\"><\/noscript><\/sr7-bg>\n\t\t\t\t\t\t\t<sr7-txt id=\"SR7_1_1-1-0\" class=\"sr7-layer\">Bienvenido a Sevegra S.L.<br \/>\nConstrucci\u00f3n e Interiorismo<\/sr7-txt>\n\t\t\t\t\t\t\t<sr7-txt id=\"SR7_1_1-1-1\" class=\"sr7-layer\">Con una fuerte especializaci\u00f3n en obra civil e im\u00e1gen corporativa de todo tipo de locales <br>comerciales, as\u00ed como el mantenimiento integral<\/sr7-txt>\n\t\t\t\t\t\t\t<a id=\"SR7_1_1-1-2\" class=\"sr7-layer\" href=\"https:\/\/sevegra.com\/contacto\/\" target=\"_blank\" rel=\"noopener\">Contacta con nosotros<\/a>\n\t\t\t\t\t\t<\/sr7-slide>\n\t\t\t\t\t\t<sr7-slide id=\"SR7_1_1-2\" data-key=\"2\">\n\t\t\t\t\t\t\t<sr7-txt id=\"SR7_1_1-2-0\" class=\"sr7-layer\">Bienvenido a Sevegra S.L.<br \/>\nConstrucci\u00f3n e Interiorismo<\/sr7-txt>\n\t\t\t\t\t\t\t<sr7-txt id=\"SR7_1_1-2-1\" class=\"sr7-layer\">\"Nuestra recompensa se encuentra en el esfuerzo y no en el resultado,<br>un esfuerzo total es una victoria completa\"<\/sr7-txt>\n\t\t\t\t\t\t\t<a id=\"SR7_1_1-2-2\" class=\"sr7-layer\" href=\"https:\/\/sevegra.com\/contacto\/\" target=\"_blank\" rel=\"noopener\">Contacta con nosotros<\/a>\n\t\t\t\t\t\t\t<sr7-txt id=\"SR7_1_1-2-3\" class=\"sr7-layer\">Mahatma Ghandi<\/sr7-txt>\n\t\t\t\t\t\t<\/sr7-slide>\n\t\t\t\t\t\t<sr7-slide id=\"SR7_1_1-3\" data-key=\"3\">\n\t\t\t\t\t\t<\/sr7-slide>\n\t\t\t\t\t<\/sr7-content>\n\t\t\t\t\t<image_lists style=\"display:none\">\n\t\t\t\t\t\t<img data-src=\"\/\/sevegra.com\/wp-content\/uploads\/2025\/07\/4db7c2fe-5bb3-4433-8f36-e4a0886ab1da.jpg\" data-libid=\"2636\" data-lib=\"medialibrary\" title=\"4db7c2fe-5bb3-4433-8f36-e4a0886ab1da\" width=\"0\" height=\"0\" data-dbsrc=\"Ly9zZXZlZ3JhLmNvbS93cC1jb250ZW50L3VwbG9hZHMvMjAyNS8wNy80ZGI3YzJmZS01YmIzLTQ0MzMtOGYzNi1lNGEwODg2YWIxZGEuanBn\"\/>\n\t\t\t\t\t\t<img data-src=\"\/\/sevegra.com\/wp-content\/uploads\/2025\/06\/IMAGENES_SLIDER_INICIO__1_-removebg-preview.png\" data-libid=\"2264\" data-lib=\"medialibrary\" title=\"IMAGENES_SLIDER_INICIO__1_-removebg-preview\" width=\"0\" height=\"0\" data-dbsrc=\"Ly9zZXZlZ3JhLmNvbS93cC1jb250ZW50L3VwbG9hZHMvMjAyNS8wNi9JTUFHRU5FU19TTElERVJfSU5JQ0lPX18xXy1yZW1vdmViZy1wcmV2aWV3LnBuZw==\"\/>\n\t\t\t\t\t\t<img data-src=\"\/\/sevegra.com\/wp-content\/uploads\/2025\/05\/cropped-Logo-SEVEGRA-2.png\" data-libid=\"2148\" data-lib=\"medialibrary\" title=\"cropped-Logo-SEVEGRA-2.png\" width=\"0\" height=\"0\" data-dbsrc=\"Ly9zZXZlZ3JhLmNvbS93cC1jb250ZW50L3VwbG9hZHMvMjAyNS8wNS9jcm9wcGVkLUxvZ28tU0VWRUdSQS0yLnBuZw==\"\/>\n\t\t\t\t\t<\/image_lists>\n\t\t\t\t<\/sr7-module>\n\t\t\t\t<script>\n\t\t\t\t\tSR7.PMH ??={}; SR7.PMH[\"SR7_1_1\"] = {cn:100,state:false,fn: function() { if (_tpt!==undefined && _tpt.prepareModuleHeight !== undefined) {  _tpt.prepareModuleHeight({id:\"SR7_1_1\",el:[760,760,409,350,270],type:'standard',shdw:'0',gh:[760,760,409,350,270],gw:[1904,1904,1024,778,480],vpt:['-200px&#039;,&#039;-200px&#039;,&#039;-200px&#039;,&#039;-200px&#039;,&#039;-200px'],size:{fullWidth:true, fullHeight:false},mh:'0',onh:0,onw:0,bg:{color:'{\"orig\":\"transparent\",\"type\":\"solid\",\"string\":\"transparent\"}'},plType:'12',plColor:'#000000'});   SR7.PMH[\"SR7_1_1\"].state=true;} else if(SR7.PMH[\"SR7_1_1\"].cn-->0)\tsetTimeout( SR7.PMH[\"SR7_1_1\"].fn,19);}};SR7.PMH[\"SR7_1_1\" ].fn();\n\t\t\t\t<\/script>\n<\/div>\n\n\t\t\t\t\t\t<\/div>\n\t\t\t\t<\/div>\n\t\t\t\t\t<\/div>\n\t\t<\/div>\n\t\t\t\t\t<\/div>\n\t\t<\/section>\n\t\t\t\t<section class=\"elementor-section elementor-top-section elementor-element elementor-element-dfdc50a elementor-section-stretched elementor-section-boxed elementor-section-height-default elementor-section-height-default wpr-particle-no wpr-jarallax-no wpr-parallax-no wpr-sticky-section-no\" data-id=\"dfdc50a\" data-element_type=\"section\" data-e-type=\"section\" data-settings=\"{&quot;stretch_section&quot;:&quot;section-stretched&quot;,&quot;background_background&quot;:&quot;classic&quot;}\">\n\t\t\t\t\t\t<div class=\"elementor-container elementor-column-gap-no\">\n\t\t\t\t\t<div class=\"elementor-column elementor-col-100 elementor-top-column elementor-element elementor-element-1b5b76c\" data-id=\"1b5b76c\" data-element_type=\"column\" data-e-type=\"column\">\n\t\t\t<div class=\"elementor-widget-wrap elementor-element-populated\">\n\t\t\t\t\t\t<div class=\"elementor-element elementor-element-bb9c40e elementor-widget__width-auto elementor-widget-mobile__width-initial elementor-widget elementor-widget-counter\" data-id=\"bb9c40e\" data-element_type=\"widget\" data-e-type=\"widget\" data-widget_type=\"counter.default\">\n\t\t\t\t<div class=\"elementor-widget-container\">\n\t\t\t\t\t\t\t<div class=\"elementor-counter\">\n\t\t\t<div class=\"elementor-counter-title\">A\u00f1os de Experiencia<\/div>\t\t\t<div class=\"elementor-counter-number-wrapper\">\n\t\t\t\t<span class=\"elementor-counter-number-prefix\">+<\/span>\n\t\t\t\t<span class=\"elementor-counter-number\" data-duration=\"2000\" data-to-value=\"30\" data-from-value=\"0\" data-delimiter=\",\">0<\/span>\n\t\t\t\t<span class=\"elementor-counter-number-suffix\"><\/span>\n\t\t\t<\/div>\n\t\t<\/div>\n\t\t\t\t\t\t<\/div>\n\t\t\t\t<\/div>\n\t\t\t\t<div class=\"elementor-element elementor-element-0fb896f elementor-widget__width-auto elementor-widget-mobile__width-initial elementor-widget elementor-widget-counter\" data-id=\"0fb896f\" data-element_type=\"widget\" data-e-type=\"widget\" data-widget_type=\"counter.default\">\n\t\t\t\t<div class=\"elementor-widget-container\">\n\t\t\t\t\t\t\t<div class=\"elementor-counter\">\n\t\t\t<div class=\"elementor-counter-title\">Proyectos Realizados<\/div>\t\t\t<div class=\"elementor-counter-number-wrapper\">\n\t\t\t\t<span class=\"elementor-counter-number-prefix\">+<\/span>\n\t\t\t\t<span class=\"elementor-counter-number\" data-duration=\"2000\" data-to-value=\"200\" data-from-value=\"0\" data-delimiter=\",\">0<\/span>\n\t\t\t\t<span class=\"elementor-counter-number-suffix\"><\/span>\n\t\t\t<\/div>\n\t\t<\/div>\n\t\t\t\t\t\t<\/div>\n\t\t\t\t<\/div>\n\t\t\t\t<div class=\"elementor-element elementor-element-9bef55c elementor-widget__width-auto elementor-widget-mobile__width-initial elementor-widget elementor-widget-counter\" data-id=\"9bef55c\" data-element_type=\"widget\" data-e-type=\"widget\" data-widget_type=\"counter.default\">\n\t\t\t\t<div class=\"elementor-widget-container\">\n\t\t\t\t\t\t\t<div class=\"elementor-counter\">\n\t\t\t<div class=\"elementor-counter-title\">Clientes institucionales y empresas<\/div>\t\t\t<div class=\"elementor-counter-number-wrapper\">\n\t\t\t\t<span class=\"elementor-counter-number-prefix\">+<\/span>\n\t\t\t\t<span class=\"elementor-counter-number\" data-duration=\"2000\" data-to-value=\"10\" data-from-value=\"0\" data-delimiter=\",\">0<\/span>\n\t\t\t\t<span class=\"elementor-counter-number-suffix\"><\/span>\n\t\t\t<\/div>\n\t\t<\/div>\n\t\t\t\t\t\t<\/div>\n\t\t\t\t<\/div>\n\t\t\t\t\t<\/div>\n\t\t<\/div>\n\t\t\t\t\t<\/div>\n\t\t<\/section>\n\t\t\t\t<section class=\"elementor-section elementor-top-section elementor-element elementor-element-7838d77 elementor-section-boxed elementor-section-height-default elementor-section-height-default wpr-particle-no wpr-jarallax-no wpr-parallax-no wpr-sticky-section-no\" data-id=\"7838d77\" data-element_type=\"section\" data-e-type=\"section\">\n\t\t\t\t\t\t<div class=\"elementor-container elementor-column-gap-no\">\n\t\t\t\t\t<div class=\"elementor-column elementor-col-50 elementor-top-column elementor-element elementor-element-4a22db8\" data-id=\"4a22db8\" data-element_type=\"column\" data-e-type=\"column\">\n\t\t\t<div class=\"elementor-widget-wrap elementor-element-populated\">\n\t\t\t\t\t\t<div class=\"elementor-element elementor-element-d7f754e elementor-widget__width-initial elementor-widget elementor-widget-video\" data-id=\"d7f754e\" data-element_type=\"widget\" data-e-type=\"widget\" data-settings=\"{&quot;video_type&quot;:&quot;hosted&quot;,&quot;autoplay&quot;:&quot;yes&quot;,&quot;mute&quot;:&quot;yes&quot;}\" data-widget_type=\"video.default\">\n\t\t\t\t<div class=\"elementor-widget-container\">\n\t\t\t\t\t\t\t<div class=\"e-hosted-video elementor-wrapper elementor-open-inline\">\n\t\t\t\t\t<video class=\"elementor-video\" src=\"https:\/\/sevegra.com\/wp-content\/uploads\/2025\/05\/Tonnes-loaded-in.mp4\" autoplay=\"\" muted=\"muted\" controlsList=\"nodownload\"><\/video>\n\t\t\t\t<\/div>\n\t\t\t\t\t\t<\/div>\n\t\t\t\t<\/div>\n\t\t\t\t\t<\/div>\n\t\t<\/div>\n\t\t\t\t<div class=\"elementor-column elementor-col-50 elementor-top-column elementor-element elementor-element-c1bbce6\" data-id=\"c1bbce6\" data-element_type=\"column\" data-e-type=\"column\">\n\t\t\t<div class=\"elementor-widget-wrap elementor-element-populated\">\n\t\t\t\t\t\t<div class=\"elementor-element elementor-element-edf3095 elementor-widget elementor-widget-heading\" data-id=\"edf3095\" data-element_type=\"widget\" data-e-type=\"widget\" data-widget_type=\"heading.default\">\n\t\t\t\t<div class=\"elementor-widget-container\">\n\t\t\t\t\t<h6 class=\"elementor-heading-title elementor-size-default\">Contruimos<\/h6>\t\t\t\t<\/div>\n\t\t\t\t<\/div>\n\t\t\t\t<div class=\"elementor-element elementor-element-6d0e76e elementor-widget elementor-widget-heading\" data-id=\"6d0e76e\" data-element_type=\"widget\" data-e-type=\"widget\" data-widget_type=\"heading.default\">\n\t\t\t\t<div class=\"elementor-widget-container\">\n\t\t\t\t\t<h1 class=\"elementor-heading-title elementor-size-default\">Espacios con Alma<\/h1>\t\t\t\t<\/div>\n\t\t\t\t<\/div>\n\t\t\t\t<div class=\"elementor-element elementor-element-38ed025 elementor-widget elementor-widget-heading\" data-id=\"38ed025\" data-element_type=\"widget\" data-e-type=\"widget\" data-widget_type=\"heading.default\">\n\t\t\t\t<div class=\"elementor-widget-container\">\n\t\t\t\t\t<p class=\"elementor-heading-title elementor-size-default\">En Sevegra Construcci\u00f3n e Interiorismo transformamos ideas en realidades s\u00f3lidas, funcionales y llenas de estilo. Con sede en Granada y a\u00f1os de experiencia en el sector, ofrecemos un servicio integral que abarca desde la obra nueva y reformas, hasta el dise\u00f1o de interiores, cuidando cada detalle para que el resultado final hable de ti y para ti.<br>\n\n\n\u2705 Compromiso con la calidad<br>\n\n\u2705 Proyectos personalizados<br>\n\n\u2705 Atenci\u00f3n cercana y profesional<\/p>\t\t\t\t<\/div>\n\t\t\t\t<\/div>\n\t\t\t\t<div class=\"elementor-element elementor-element-6c05aa2 elementor-widget elementor-widget-button\" data-id=\"6c05aa2\" data-element_type=\"widget\" data-e-type=\"widget\" data-widget_type=\"button.default\">\n\t\t\t\t<div class=\"elementor-widget-container\">\n\t\t\t\t\t\t\t\t\t<div class=\"elementor-button-wrapper\">\n\t\t\t\t\t<a class=\"elementor-button elementor-size-sm\" role=\"button\">\n\t\t\t\t\t\t<span class=\"elementor-button-content-wrapper\">\n\t\t\t\t\t\t\t\t\t<span class=\"elementor-button-text\">Sobre Nosotros<\/span>\n\t\t\t\t\t<\/span>\n\t\t\t\t\t<\/a>\n\t\t\t\t<\/div>\n\t\t\t\t\t\t\t\t<\/div>\n\t\t\t\t<\/div>\n\t\t\t\t\t<\/div>\n\t\t<\/div>\n\t\t\t\t\t<\/div>\n\t\t<\/section>\n\t\t\t\t<\/div>\n\t\t","protected":false},"excerpt":{"rendered":"<p>A\u00f1os de Experiencia + 0 Proyectos Realizados + 0 Clientes institucionales y empresas + 0 https:\/\/sevegra.com\/wp-content\/uploads\/2025\/05\/Tonnes-loaded-in.mp4 Contruimos Espacios con Alma En Sevegra Construcci\u00f3n e Interiorismo transformamos ideas en realidades s\u00f3lidas, funcionales y llenas de estilo. Con sede en Granada y a\u00f1os de experiencia en el sector, ofrecemos un servicio integral que abarca desde la obra nueva y reformas, hasta el dise\u00f1o de interiores, cuidando cada detalle para que el resultado final hable de ti y para ti. \u2705 Compromiso con la calidad \u2705 Proyectos personalizados \u2705 Atenci\u00f3n cercana y profesional Sobre Nosotros<\/p>","protected":false},"author":1,"featured_media":2636,"parent":0,"menu_order":0,"comment_status":"closed","ping_status":"closed","template":"","meta":{"_bst_post_transparent":"","_bst_post_title":"hide","_bst_post_layout":"","_bst_post_sidebar_id":"","_bst_post_content_style":"","_bst_post_vertical_padding":"hide","_bst_post_feature":"","_bst_post_feature_position":"","_bst_post_header":false,"_bst_post_footer":false,"footnotes":""},"class_list":["post-1734","page","type-page","status-publish","has-post-thumbnail","hentry"],"yoast_head":"<!-- This site is optimized with the Yoast SEO plugin v27.2 - https:\/\/yoast.com\/product\/yoast-seo-wordpress\/ -->\n<title>Inicio - Sevegra Sevegra<\/title>\n<meta name=\"description\" content=\"Descubre quien somos en la pantalla de Inicio, Sevegra es una empresa de construcci\u00f3n e interiorismo de Granada. Entra y con\u00f3cenos.\" \/>\n<meta name=\"robots\" content=\"index, follow, max-snippet:-1, max-image-preview:large, max-video-preview:-1\" \/>\n<link rel=\"canonical\" href=\"https:\/\/sevegra.com\/en\/\" \/>\n<meta property=\"og:locale\" content=\"en_GB\" \/>\n<meta property=\"og:type\" content=\"article\" \/>\n<meta property=\"og:title\" content=\"Inicio - Sevegra Sevegra\" \/>\n<meta property=\"og:description\" content=\"Descubre quien somos en la pantalla de Inicio, Sevegra es una empresa de construcci\u00f3n e interiorismo de Granada. Entra y con\u00f3cenos.\" \/>\n<meta property=\"og:url\" content=\"https:\/\/sevegra.com\/en\/\" \/>\n<meta property=\"og:site_name\" content=\"Sevegra\" \/>\n<meta property=\"article:publisher\" content=\"https:\/\/www.facebook.com\/profile.php?id=100063737971205#\" \/>\n<meta property=\"article:modified_time\" content=\"2025-07-30T06:06:46+00:00\" \/>\n<meta property=\"og:image\" content=\"https:\/\/sevegra.com\/wp-content\/uploads\/2025\/07\/4db7c2fe-5bb3-4433-8f36-e4a0886ab1da.jpg\" \/>\n\t<meta property=\"og:image:width\" content=\"1600\" \/>\n\t<meta property=\"og:image:height\" content=\"1200\" \/>\n\t<meta property=\"og:image:type\" content=\"image\/jpeg\" \/>\n<meta name=\"twitter:card\" content=\"summary_large_image\" \/>\n<meta name=\"twitter:site\" content=\"@sevegra\" \/>\n<meta name=\"twitter:label1\" content=\"Estimated reading time\" \/>\n\t<meta name=\"twitter:data1\" content=\"1 minute\" \/>\n<script type=\"application\/ld+json\" class=\"yoast-schema-graph\">{\"@context\":\"https:\/\/schema.org\",\"@graph\":[{\"@type\":\"WebPage\",\"@id\":\"https:\/\/sevegra.com\/\",\"url\":\"https:\/\/sevegra.com\/\",\"name\":\"Inicio - Sevegra Sevegra\",\"isPartOf\":{\"@id\":\"https:\/\/sevegra.com\/#website\"},\"primaryImageOfPage\":{\"@id\":\"https:\/\/sevegra.com\/#primaryimage\"},\"image\":{\"@id\":\"https:\/\/sevegra.com\/#primaryimage\"},\"thumbnailUrl\":\"https:\/\/sevegra.com\/wp-content\/uploads\/2025\/07\/4db7c2fe-5bb3-4433-8f36-e4a0886ab1da.jpg\",\"datePublished\":\"2023-02-14T07:11:12+00:00\",\"dateModified\":\"2025-07-30T06:06:46+00:00\",\"description\":\"Descubre quien somos en la pantalla de Inicio, Sevegra es una empresa de construcci\u00f3n e interiorismo de Granada. Entra y con\u00f3cenos.\",\"breadcrumb\":{\"@id\":\"https:\/\/sevegra.com\/#breadcrumb\"},\"inLanguage\":\"en-GB\",\"potentialAction\":[{\"@type\":\"ReadAction\",\"target\":[\"https:\/\/sevegra.com\/\"]}]},{\"@type\":\"ImageObject\",\"inLanguage\":\"en-GB\",\"@id\":\"https:\/\/sevegra.com\/#primaryimage\",\"url\":\"https:\/\/sevegra.com\/wp-content\/uploads\/2025\/07\/4db7c2fe-5bb3-4433-8f36-e4a0886ab1da.jpg\",\"contentUrl\":\"https:\/\/sevegra.com\/wp-content\/uploads\/2025\/07\/4db7c2fe-5bb3-4433-8f36-e4a0886ab1da.jpg\",\"width\":1600,\"height\":1200},{\"@type\":\"BreadcrumbList\",\"@id\":\"https:\/\/sevegra.com\/#breadcrumb\",\"itemListElement\":[{\"@type\":\"ListItem\",\"position\":1,\"name\":\"Portada\",\"item\":\"https:\/\/sevegra.com\/\"},{\"@type\":\"ListItem\",\"position\":2,\"name\":\"Inicio\"}]},{\"@type\":\"WebSite\",\"@id\":\"https:\/\/sevegra.com\/#website\",\"url\":\"https:\/\/sevegra.com\/\",\"name\":\"Sevegra\",\"description\":\"\",\"publisher\":{\"@id\":\"https:\/\/sevegra.com\/#organization\"},\"potentialAction\":[{\"@type\":\"SearchAction\",\"target\":{\"@type\":\"EntryPoint\",\"urlTemplate\":\"https:\/\/sevegra.com\/?s={search_term_string}\"},\"query-input\":{\"@type\":\"PropertyValueSpecification\",\"valueRequired\":true,\"valueName\":\"search_term_string\"}}],\"inLanguage\":\"en-GB\"},{\"@type\":\"Organization\",\"@id\":\"https:\/\/sevegra.com\/#organization\",\"name\":\"Sevegra S.L.\",\"url\":\"https:\/\/sevegra.com\/\",\"logo\":{\"@type\":\"ImageObject\",\"inLanguage\":\"en-GB\",\"@id\":\"https:\/\/sevegra.com\/#\/schema\/logo\/image\/\",\"url\":\"https:\/\/sevegra.com\/wp-content\/uploads\/2025\/05\/cropped-Logo-SEVEGRA-2.png\",\"contentUrl\":\"https:\/\/sevegra.com\/wp-content\/uploads\/2025\/05\/cropped-Logo-SEVEGRA-2.png\",\"width\":210,\"height\":51,\"caption\":\"Sevegra S.L.\"},\"image\":{\"@id\":\"https:\/\/sevegra.com\/#\/schema\/logo\/image\/\"},\"sameAs\":[\"https:\/\/www.facebook.com\/profile.php?id=100063737971205#\",\"https:\/\/x.com\/sevegra\"]}]}<\/script>\n<!-- \/ Yoast SEO plugin. -->","yoast_head_json":{"title":"Inicio - Sevegra Sevegra","description":"Descubre quien somos en la pantalla de Inicio, Sevegra es una empresa de construcci\u00f3n e interiorismo de Granada. Entra y con\u00f3cenos.","robots":{"index":"index","follow":"follow","max-snippet":"max-snippet:-1","max-image-preview":"max-image-preview:large","max-video-preview":"max-video-preview:-1"},"canonical":"https:\/\/sevegra.com\/en\/","og_locale":"en_GB","og_type":"article","og_title":"Inicio - Sevegra Sevegra","og_description":"Descubre quien somos en la pantalla de Inicio, Sevegra es una empresa de construcci\u00f3n e interiorismo de Granada. Entra y con\u00f3cenos.","og_url":"https:\/\/sevegra.com\/en\/","og_site_name":"Sevegra","article_publisher":"https:\/\/www.facebook.com\/profile.php?id=100063737971205#","article_modified_time":"2025-07-30T06:06:46+00:00","og_image":[{"width":1600,"height":1200,"url":"https:\/\/sevegra.com\/wp-content\/uploads\/2025\/07\/4db7c2fe-5bb3-4433-8f36-e4a0886ab1da.jpg","type":"image\/jpeg"}],"twitter_card":"summary_large_image","twitter_site":"@sevegra","twitter_misc":{"Estimated reading time":"1 minute"},"schema":{"@context":"https:\/\/schema.org","@graph":[{"@type":"WebPage","@id":"https:\/\/sevegra.com\/","url":"https:\/\/sevegra.com\/","name":"Inicio - Sevegra Sevegra","isPartOf":{"@id":"https:\/\/sevegra.com\/#website"},"primaryImageOfPage":{"@id":"https:\/\/sevegra.com\/#primaryimage"},"image":{"@id":"https:\/\/sevegra.com\/#primaryimage"},"thumbnailUrl":"https:\/\/sevegra.com\/wp-content\/uploads\/2025\/07\/4db7c2fe-5bb3-4433-8f36-e4a0886ab1da.jpg","datePublished":"2023-02-14T07:11:12+00:00","dateModified":"2025-07-30T06:06:46+00:00","description":"Descubre quien somos en la pantalla de Inicio, Sevegra es una empresa de construcci\u00f3n e interiorismo de Granada. Entra y con\u00f3cenos.","breadcrumb":{"@id":"https:\/\/sevegra.com\/#breadcrumb"},"inLanguage":"en-GB","potentialAction":[{"@type":"ReadAction","target":["https:\/\/sevegra.com\/"]}]},{"@type":"ImageObject","inLanguage":"en-GB","@id":"https:\/\/sevegra.com\/#primaryimage","url":"https:\/\/sevegra.com\/wp-content\/uploads\/2025\/07\/4db7c2fe-5bb3-4433-8f36-e4a0886ab1da.jpg","contentUrl":"https:\/\/sevegra.com\/wp-content\/uploads\/2025\/07\/4db7c2fe-5bb3-4433-8f36-e4a0886ab1da.jpg","width":1600,"height":1200},{"@type":"BreadcrumbList","@id":"https:\/\/sevegra.com\/#breadcrumb","itemListElement":[{"@type":"ListItem","position":1,"name":"Portada","item":"https:\/\/sevegra.com\/"},{"@type":"ListItem","position":2,"name":"Inicio"}]},{"@type":"WebSite","@id":"https:\/\/sevegra.com\/#website","url":"https:\/\/sevegra.com\/","name":"Sevegra","description":"","publisher":{"@id":"https:\/\/sevegra.com\/#organization"},"potentialAction":[{"@type":"SearchAction","target":{"@type":"EntryPoint","urlTemplate":"https:\/\/sevegra.com\/?s={search_term_string}"},"query-input":{"@type":"PropertyValueSpecification","valueRequired":true,"valueName":"search_term_string"}}],"inLanguage":"en-GB"},{"@type":"Organization","@id":"https:\/\/sevegra.com\/#organization","name":"Sevegra S.L.","url":"https:\/\/sevegra.com\/","logo":{"@type":"ImageObject","inLanguage":"en-GB","@id":"https:\/\/sevegra.com\/#\/schema\/logo\/image\/","url":"https:\/\/sevegra.com\/wp-content\/uploads\/2025\/05\/cropped-Logo-SEVEGRA-2.png","contentUrl":"https:\/\/sevegra.com\/wp-content\/uploads\/2025\/05\/cropped-Logo-SEVEGRA-2.png","width":210,"height":51,"caption":"Sevegra S.L."},"image":{"@id":"https:\/\/sevegra.com\/#\/schema\/logo\/image\/"},"sameAs":["https:\/\/www.facebook.com\/profile.php?id=100063737971205#","https:\/\/x.com\/sevegra"]}]}},"_links":{"self":[{"href":"https:\/\/sevegra.com\/en\/wp-json\/wp\/v2\/pages\/1734","targetHints":{"allow":["GET"]}}],"collection":[{"href":"https:\/\/sevegra.com\/en\/wp-json\/wp\/v2\/pages"}],"about":[{"href":"https:\/\/sevegra.com\/en\/wp-json\/wp\/v2\/types\/page"}],"author":[{"embeddable":true,"href":"https:\/\/sevegra.com\/en\/wp-json\/wp\/v2\/users\/1"}],"replies":[{"embeddable":true,"href":"https:\/\/sevegra.com\/en\/wp-json\/wp\/v2\/comments?post=1734"}],"version-history":[{"count":20,"href":"https:\/\/sevegra.com\/en\/wp-json\/wp\/v2\/pages\/1734\/revisions"}],"predecessor-version":[{"id":2218,"href":"https:\/\/sevegra.com\/en\/wp-json\/wp\/v2\/pages\/1734\/revisions\/2218"}],"wp:featuredmedia":[{"embeddable":true,"href":"https:\/\/sevegra.com\/en\/wp-json\/wp\/v2\/media\/2636"}],"wp:attachment":[{"href":"https:\/\/sevegra.com\/en\/wp-json\/wp\/v2\/media?parent=1734"}],"curies":[{"name":"wp","href":"https:\/\/api.w.org\/{rel}","templated":true}]}}